{"id":4008,"date":"2024-07-16T11:08:35","date_gmt":"2024-07-16T11:08:35","guid":{"rendered":"https:\/\/motionte.com\/t%c9%99r%c9%99fdaslar\/"},"modified":"2025-06-27T13:09:23","modified_gmt":"2025-06-27T13:09:23","slug":"t%c9%99r%c9%99fdaslar","status":"publish","type":"page","link":"https:\/\/motionte.com\/az\/t%c9%99r%c9%99fdaslar\/","title":{"rendered":"PARTN\u0130YORLAR"},"content":{"rendered":"\t\t<div data-elementor-type=\"wp-page\" data-elementor-id=\"4008\" class=\"elementor elementor-4008 elementor-2076\" data-elementor-post-type=\"page\">\n\t\t\t\t<div class=\"elementor-element elementor-element-ca0843b e-flex e-con-boxed e-con e-parent\" data-id=\"ca0843b\" data-element_type=\"container\">\n\t\t\t\t\t<div class=\"e-con-inner\">\n\t\t\t\t<div class=\"elementor-element elementor-element-14ee18f elementor-widget elementor-widget-spacer\" data-id=\"14ee18f\" data-element_type=\"widget\" data-widget_type=\"spacer.default\">\n\t\t\t\t<div class=\"elementor-widget-container\">\n\t\t\t\t\t<div class=\"elementor-spacer\">\n\t\t\t<div class=\"elementor-spacer-inner\"><\/div>\n\t\t<\/div>\n\t\t\t\t<\/div>\n\t\t\t\t<\/div>\n\t\t\t\t\t<\/div>\n\t\t\t\t<\/div>\n\t\t<div class=\"elementor-element elementor-element-83c8707 e-flex e-con-boxed e-con e-parent\" data-id=\"83c8707\" data-element_type=\"container\">\n\t\t\t\t\t<div class=\"e-con-inner\">\n\t\t\t\t<div class=\"elementor-element elementor-element-d4e05e7 elementor-widget elementor-widget-text-editor\" data-id=\"d4e05e7\" data-element_type=\"widget\" data-widget_type=\"text-editor.default\">\n\t\t\t\t<div class=\"elementor-widget-container\">\n\t\t\t\t\t\t\t<p> <b>Motion Technology \u015firk\u0259ti<\/b> \u015firk\u0259ti, c\u0259nubi Qafqaz regionunda a\u015fa\u011f\u0131da qeyd olunan \u015firk\u0259tl\u0259rin, r\u0259smi n\u00fcmay\u0259nd\u0259sidir:<\/p>\n\t\t\t\t\t\t<\/div>\n\t\t\t\t<\/div>\n\t\t\t\t\t<\/div>\n\t\t\t\t<\/div>\n\t\t<div class=\"elementor-element elementor-element-6e43bdc partner e-flex e-con-boxed e-con e-parent\" data-id=\"6e43bdc\" data-element_type=\"container\">\n\t\t\t\t\t<div class=\"e-con-inner\">\n\t\t<div class=\"elementor-element elementor-element-c3abb9d e-con-full e-flex e-con e-child\" data-id=\"c3abb9d\" data-element_type=\"container\">\n\t\t\t\t<div class=\"elementor-element elementor-element-01716b5 partner-page-logo e-transform elementor-position-top elementor-widget elementor-widget-image-box\" data-id=\"01716b5\" data-element_type=\"widget\" data-settings=\"{&quot;_transform_scale_effect_hover&quot;:{&quot;unit&quot;:&quot;px&quot;,&quot;size&quot;:1.1,&quot;sizes&quot;:[]},&quot;_transform_scale_effect_hover_tablet&quot;:{&quot;unit&quot;:&quot;px&quot;,&quot;size&quot;:&quot;&quot;,&quot;sizes&quot;:[]},&quot;_transform_scale_effect_hover_mobile&quot;:{&quot;unit&quot;:&quot;px&quot;,&quot;size&quot;:&quot;&quot;,&quot;sizes&quot;:[]}}\" data-widget_type=\"image-box.default\">\n\t\t\t\t<div class=\"elementor-widget-container\">\n\t\t\t<div class=\"elementor-image-box-wrapper\"><figure class=\"elementor-image-box-img\"><img loading=\"lazy\" loading=\"lazy\" decoding=\"async\" width=\"210\" height=\"150\" src=\"https:\/\/motionte.com\/wp-content\/uploads\/2024\/08\/Industries-1.png\" class=\"attachment-medium size-medium wp-image-2371\" alt=\"\" srcset=\"https:\/\/motionte.com\/wp-content\/uploads\/2024\/08\/Industries-1.png 210w, https:\/\/motionte.com\/wp-content\/uploads\/2024\/08\/Industries-1-1x1.png 1w, https:\/\/motionte.com\/wp-content\/uploads\/2024\/08\/Industries-1-10x7.png 10w\" sizes=\"auto, (max-width: 210px) 100vw, 210px\" \/><\/figure><div class=\"elementor-image-box-content\"><h3 class=\"elementor-image-box-title\">G\u00dcRC\u00dcSTAN<\/h3><\/div><\/div>\t\t<\/div>\n\t\t\t\t<\/div>\n\t\t\t\t<\/div>\n\t\t<div class=\"elementor-element elementor-element-801cf48 e-con-full company-description e-flex e-con e-child\" data-id=\"801cf48\" data-element_type=\"container\" data-settings=\"{&quot;background_background&quot;:&quot;classic&quot;}\">\n\t\t\t\t<div class=\"elementor-element elementor-element-53da6da elementor-widget elementor-widget-text-editor\" data-id=\"53da6da\" data-element_type=\"widget\" data-widget_type=\"text-editor.default\">\n\t\t\t\t<div class=\"elementor-widget-container\">\n\t\t\t\t\t\t\t<p>G\u00dcRC\u00dcSTANIN \u201cMP INDUSTRIES\u201d \u015eIRK\u018fTI G\u00dcRC\u00dcSTANDA KONVEYER V\u018f KONVEYER SISTEML\u018fRININ ISTEHSALINDA LIDERL\u018fRD\u018fN BIRIDIR. BU \u015eIRK\u018fT IST\u018fNIL\u018fN B\u00d6Y\u00dcKL\u00dcKD\u018f M\u00dc\u018fSSIS\u018fNIN ANBAR V\u018f TERMINALARIN, KONVEYER SISTEML\u018fRI V\u018f ONLARI AVTOMATLA\u015eDIRILMI\u015e IDAR\u018f OLUNAN M\u018fHSULLAR IL\u018f TAM T\u018fCHIZ ETM\u018fY\u018f MALIKDIR. <\/p>\n\t\t\t\t\t\t<\/div>\n\t\t\t\t<\/div>\n\t\t\t\t<\/div>\n\t\t\t\t\t<\/div>\n\t\t\t\t<\/div>\n\t\t<div class=\"elementor-element elementor-element-ad13776 e-flex e-con-boxed e-con e-parent\" data-id=\"ad13776\" data-element_type=\"container\">\n\t\t\t\t\t<div class=\"e-con-inner\">\n\t\t<div class=\"elementor-element elementor-element-1cf32ff e-con-full e-flex e-con e-child\" data-id=\"1cf32ff\" data-element_type=\"container\">\n\t\t\t\t<div class=\"elementor-element elementor-element-519017c partner-page-logo e-transform elementor-position-top elementor-widget elementor-widget-image-box\" data-id=\"519017c\" data-element_type=\"widget\" data-settings=\"{&quot;_transform_scale_effect_hover&quot;:{&quot;unit&quot;:&quot;px&quot;,&quot;size&quot;:1.1,&quot;sizes&quot;:[]},&quot;_transform_scale_effect_hover_tablet&quot;:{&quot;unit&quot;:&quot;px&quot;,&quot;size&quot;:&quot;&quot;,&quot;sizes&quot;:[]},&quot;_transform_scale_effect_hover_mobile&quot;:{&quot;unit&quot;:&quot;px&quot;,&quot;size&quot;:&quot;&quot;,&quot;sizes&quot;:[]}}\" data-widget_type=\"image-box.default\">\n\t\t\t\t<div class=\"elementor-widget-container\">\n\t\t\t<div class=\"elementor-image-box-wrapper\"><figure class=\"elementor-image-box-img\"><img loading=\"lazy\" loading=\"lazy\" decoding=\"async\" width=\"210\" height=\"100\" src=\"https:\/\/motionte.com\/wp-content\/uploads\/2024\/08\/Geo-Mark.png\" class=\"attachment-large size-large wp-image-2372\" alt=\"\" srcset=\"https:\/\/motionte.com\/wp-content\/uploads\/2024\/08\/Geo-Mark.png 210w, https:\/\/motionte.com\/wp-content\/uploads\/2024\/08\/Geo-Mark-1x1.png 1w, https:\/\/motionte.com\/wp-content\/uploads\/2024\/08\/Geo-Mark-10x5.png 10w\" sizes=\"auto, (max-width: 210px) 100vw, 210px\" \/><\/figure><div class=\"elementor-image-box-content\"><h3 class=\"elementor-image-box-title\">G\u00dcRC\u00dcSTAN<\/h3><\/div><\/div>\t\t<\/div>\n\t\t\t\t<\/div>\n\t\t\t\t<\/div>\n\t\t<div class=\"elementor-element elementor-element-63a5f25 e-con-full company-description e-flex e-con e-child\" data-id=\"63a5f25\" data-element_type=\"container\" data-settings=\"{&quot;background_background&quot;:&quot;classic&quot;}\">\n\t\t\t\t<div class=\"elementor-element elementor-element-002ade6 elementor-widget elementor-widget-text-editor\" data-id=\"002ade6\" data-element_type=\"widget\" data-widget_type=\"text-editor.default\">\n\t\t\t\t<div class=\"elementor-widget-container\">\n\t\t\t\t\t\t\t<p>G\u00dcRC\u00dcSTANIN \u201cGEO MARK\u201d \u015e\u0130RK\u018fT\u0130 FINDIQ, QOZ V\u018f BADAMIN EMALI \u00dc\u00c7\u00dcN AVADANLIQLARI \u0130STEHSAL ED\u0130R. UZUN \u0130LL\u018fRD\u0130R K\u0130, BU \u0130ST\u0130QAM\u018fTD\u018f C\u018fNUB\u0130 QAFQAZDA L\u0130DER M\u00d6VQEY\u0130N\u0130 QORUYUB SAXLAYIR. \u0130ST\u018fN\u0130L\u018fN B\u00d6Y\u00dcKL\u0130KD\u018f M\u00dc\u018fSS\u0130S\u018fN\u0130 \u00d6Z AVADANLIQLARI \u0130L\u018f T\u018fCH\u0130Z ETM\u018fY\u018f MAL\u0130KD\u0130R. <\/p>\n\t\t\t\t\t\t<\/div>\n\t\t\t\t<\/div>\n\t\t\t\t<\/div>\n\t\t\t\t\t<\/div>\n\t\t\t\t<\/div>\n\t\t<div class=\"elementor-element elementor-element-33bd41d e-flex e-con-boxed e-con e-parent\" data-id=\"33bd41d\" data-element_type=\"container\">\n\t\t\t\t\t<div class=\"e-con-inner\">\n\t\t<div class=\"elementor-element elementor-element-5fed533 e-con-full e-flex e-con e-child\" data-id=\"5fed533\" data-element_type=\"container\">\n\t\t\t\t<div class=\"elementor-element elementor-element-ae164f8 partner-page-logo e-transform elementor-position-top elementor-widget elementor-widget-image-box\" data-id=\"ae164f8\" data-element_type=\"widget\" data-settings=\"{&quot;_transform_scale_effect_hover&quot;:{&quot;unit&quot;:&quot;px&quot;,&quot;size&quot;:1.1,&quot;sizes&quot;:[]},&quot;_transform_scale_effect_hover_tablet&quot;:{&quot;unit&quot;:&quot;px&quot;,&quot;size&quot;:&quot;&quot;,&quot;sizes&quot;:[]},&quot;_transform_scale_effect_hover_mobile&quot;:{&quot;unit&quot;:&quot;px&quot;,&quot;size&quot;:&quot;&quot;,&quot;sizes&quot;:[]}}\" data-widget_type=\"image-box.default\">\n\t\t\t\t<div class=\"elementor-widget-container\">\n\t\t\t<div class=\"elementor-image-box-wrapper\"><figure class=\"elementor-image-box-img\"><a href=\"https:\/\/modutech.com.tr\/\" tabindex=\"-1\"><img loading=\"lazy\" loading=\"lazy\" decoding=\"async\" width=\"168\" height=\"150\" src=\"https:\/\/motionte.com\/wp-content\/uploads\/2024\/07\/Modutech-Logo-MP-Partners-01-01.png\" class=\"attachment-large size-large wp-image-2054\" alt=\"\" srcset=\"https:\/\/motionte.com\/wp-content\/uploads\/2024\/07\/Modutech-Logo-MP-Partners-01-01.png 168w, https:\/\/motionte.com\/wp-content\/uploads\/2024\/07\/Modutech-Logo-MP-Partners-01-01-1x1.png 1w, https:\/\/motionte.com\/wp-content\/uploads\/2024\/07\/Modutech-Logo-MP-Partners-01-01-10x10.png 10w\" sizes=\"auto, (max-width: 168px) 100vw, 168px\" \/><\/a><\/figure><div class=\"elementor-image-box-content\"><h3 class=\"elementor-image-box-title\"><a href=\"https:\/\/modutech.com.tr\/\">T\u00dcRK\u0130Y\u018f<\/a><\/h3><\/div><\/div>\t\t<\/div>\n\t\t\t\t<\/div>\n\t\t\t\t<\/div>\n\t\t<div class=\"elementor-element elementor-element-a1791ca e-con-full company-description e-flex e-con e-child\" data-id=\"a1791ca\" data-element_type=\"container\" data-settings=\"{&quot;background_background&quot;:&quot;classic&quot;}\">\n\t\t\t\t<div class=\"elementor-element elementor-element-18430a2 elementor-widget elementor-widget-text-editor\" data-id=\"18430a2\" data-element_type=\"widget\" data-widget_type=\"text-editor.default\">\n\t\t\t\t<div class=\"elementor-widget-container\">\n\t\t\t\t\t\t\t<p>T\u00dcRK\u0130Y\u018fN\u0130N \u201cMODUTECH\u201d \u015e\u0130RK\u018fT\u0130 M\u00dcXT\u018fL\u0130F N\u00d6V MODULAR LENTL\u018fR\u0130, PLAST\u0130K Z\u018fNC\u0130RL\u018fR\u0130, PLAST\u0130K D\u0130\u015eL\u0130 \u00c7ARXLARI, \u0130STEHSALAT AVADANLIQLARI \u00dc\u00c7\u00dcN X\u00dcSUS\u0130 PROF\u0130LL\u018fR\u0130 \u0130STEHSAL ED\u0130R. \u015e\u0130RK\u018fT \u00d6Z M\u018fHSULLARININ Y\u00dcKS\u018fK KEYF\u0130YY\u018fT\u0130 \u0130L\u018f TANINIR. <\/p>\n\t\t\t\t\t\t<\/div>\n\t\t\t\t<\/div>\n\t\t\t\t<\/div>\n\t\t\t\t\t<\/div>\n\t\t\t\t<\/div>\n\t\t<div class=\"elementor-element elementor-element-a057a13 e-flex e-con-boxed e-con e-parent\" data-id=\"a057a13\" data-element_type=\"container\">\n\t\t\t\t\t<div class=\"e-con-inner\">\n\t\t<div class=\"elementor-element elementor-element-c61cbb9 e-con-full e-flex e-con e-child\" data-id=\"c61cbb9\" data-element_type=\"container\">\n\t\t\t\t<div class=\"elementor-element elementor-element-311c3b3 partner-page-logo e-transform elementor-position-top elementor-widget elementor-widget-image-box\" data-id=\"311c3b3\" data-element_type=\"widget\" data-settings=\"{&quot;_transform_scale_effect_hover&quot;:{&quot;unit&quot;:&quot;px&quot;,&quot;size&quot;:1.1,&quot;sizes&quot;:[]},&quot;_transform_scale_effect_hover_tablet&quot;:{&quot;unit&quot;:&quot;px&quot;,&quot;size&quot;:&quot;&quot;,&quot;sizes&quot;:[]},&quot;_transform_scale_effect_hover_mobile&quot;:{&quot;unit&quot;:&quot;px&quot;,&quot;size&quot;:&quot;&quot;,&quot;sizes&quot;:[]}}\" data-widget_type=\"image-box.default\">\n\t\t\t\t<div class=\"elementor-widget-container\">\n\t\t\t<div class=\"elementor-image-box-wrapper\"><figure class=\"elementor-image-box-img\"><a href=\"https:\/\/www.ziligen.com\/en\/index.html\" tabindex=\"-1\"><img loading=\"lazy\" loading=\"lazy\" decoding=\"async\" width=\"220\" height=\"150\" src=\"https:\/\/motionte.com\/wp-content\/uploads\/2024\/07\/Ziligen-Logo-MP-Partners-01-01.png\" class=\"attachment-large size-large wp-image-2056\" alt=\"\" srcset=\"https:\/\/motionte.com\/wp-content\/uploads\/2024\/07\/Ziligen-Logo-MP-Partners-01-01.png 220w, https:\/\/motionte.com\/wp-content\/uploads\/2024\/07\/Ziligen-Logo-MP-Partners-01-01-1x1.png 1w, https:\/\/motionte.com\/wp-content\/uploads\/2024\/07\/Ziligen-Logo-MP-Partners-01-01-10x7.png 10w\" sizes=\"auto, (max-width: 220px) 100vw, 220px\" \/><\/a><\/figure><div class=\"elementor-image-box-content\"><h3 class=\"elementor-image-box-title\"><a href=\"https:\/\/www.ziligen.com\/en\/index.html\">T\u00dcRK\u0130Y\u018f<\/a><\/h3><\/div><\/div>\t\t<\/div>\n\t\t\t\t<\/div>\n\t\t\t\t<\/div>\n\t\t<div class=\"elementor-element elementor-element-052f54c e-con-full company-description e-flex e-con e-child\" data-id=\"052f54c\" data-element_type=\"container\" data-settings=\"{&quot;background_background&quot;:&quot;classic&quot;}\">\n\t\t\t\t<div class=\"elementor-element elementor-element-e56a63e elementor-widget elementor-widget-text-editor\" data-id=\"e56a63e\" data-element_type=\"widget\" data-widget_type=\"text-editor.default\">\n\t\t\t\t<div class=\"elementor-widget-container\">\n\t\t\t\t\t\t\t<p>T\u00dcRKIY\u018fNIN \u201cZILIGEN\u201d \u015eIRK\u018fTI 1967-CI ILD\u018f YARADILIB. BU G\u00dcN O, D\u00dcNYADA PVC V\u018f PU KONVEYER LENTL\u018fRI V\u018f M\u00dcXT\u018fLIF N\u00d6V G\u00dcC\u00d6T\u00dcR\u018fN (TRANSMISION) QAYI\u015eLARIN APARICI ISTEHSAL\u00c7ILARINDAN BIRIDIR. Y\u00dcKS\u018fK KEYFIYY\u018fT V\u018f M\u00dcNASIB QIYM\u018fTL\u018fR BU \u015eIRK\u018fTIN TICAR\u018fT NI\u015eANIDIR.  <\/p>\n\t\t\t\t\t\t<\/div>\n\t\t\t\t<\/div>\n\t\t\t\t<\/div>\n\t\t\t\t\t<\/div>\n\t\t\t\t<\/div>\n\t\t<div class=\"elementor-element elementor-element-af8be9f e-flex e-con-boxed e-con e-parent\" data-id=\"af8be9f\" data-element_type=\"container\">\n\t\t\t\t\t<div class=\"e-con-inner\">\n\t\t<div class=\"elementor-element elementor-element-8233f3e e-con-full e-flex e-con e-child\" data-id=\"8233f3e\" data-element_type=\"container\">\n\t\t\t\t<div class=\"elementor-element elementor-element-eebc698 partner-page-logo e-transform elementor-position-top elementor-widget elementor-widget-image-box\" data-id=\"eebc698\" data-element_type=\"widget\" data-settings=\"{&quot;_transform_scale_effect_hover&quot;:{&quot;unit&quot;:&quot;px&quot;,&quot;size&quot;:1.1,&quot;sizes&quot;:[]},&quot;_transform_scale_effect_hover_tablet&quot;:{&quot;unit&quot;:&quot;px&quot;,&quot;size&quot;:&quot;&quot;,&quot;sizes&quot;:[]},&quot;_transform_scale_effect_hover_mobile&quot;:{&quot;unit&quot;:&quot;px&quot;,&quot;size&quot;:&quot;&quot;,&quot;sizes&quot;:[]}}\" data-widget_type=\"image-box.default\">\n\t\t\t\t<div class=\"elementor-widget-container\">\n\t\t\t<div class=\"elementor-image-box-wrapper\"><figure class=\"elementor-image-box-img\"><a href=\"https:\/\/imakreduktor.com\/\" tabindex=\"-1\"><img loading=\"lazy\" loading=\"lazy\" decoding=\"async\" width=\"348\" height=\"150\" src=\"https:\/\/motionte.com\/wp-content\/uploads\/2024\/07\/I-MAK-Logo-MP-Partners-01-01.png\" class=\"attachment-large size-large wp-image-2052\" alt=\"\" srcset=\"https:\/\/motionte.com\/wp-content\/uploads\/2024\/07\/I-MAK-Logo-MP-Partners-01-01.png 348w, https:\/\/motionte.com\/wp-content\/uploads\/2024\/07\/I-MAK-Logo-MP-Partners-01-01-300x129.png 300w, https:\/\/motionte.com\/wp-content\/uploads\/2024\/07\/I-MAK-Logo-MP-Partners-01-01-1x1.png 1w, https:\/\/motionte.com\/wp-content\/uploads\/2024\/07\/I-MAK-Logo-MP-Partners-01-01-10x4.png 10w\" sizes=\"auto, (max-width: 348px) 100vw, 348px\" \/><\/a><\/figure><div class=\"elementor-image-box-content\"><h3 class=\"elementor-image-box-title\"><a href=\"https:\/\/imakreduktor.com\/\">T\u00dcRK\u0130Y\u018f<\/a><\/h3><\/div><\/div>\t\t<\/div>\n\t\t\t\t<\/div>\n\t\t\t\t<\/div>\n\t\t<div class=\"elementor-element elementor-element-360bf0b e-con-full company-description e-flex e-con e-child\" data-id=\"360bf0b\" data-element_type=\"container\" data-settings=\"{&quot;background_background&quot;:&quot;classic&quot;}\">\n\t\t\t\t<div class=\"elementor-element elementor-element-2c33abe elementor-widget elementor-widget-text-editor\" data-id=\"2c33abe\" data-element_type=\"widget\" data-widget_type=\"text-editor.default\">\n\t\t\t\t<div class=\"elementor-widget-container\">\n\t\t\t\t\t\t\t<p>T\u00dcRK\u0130Y\u018fN\u0130N \u0130-MAK \u015e\u0130RK\u018fT\u0130, 1973-C\u00dc \u0130LD\u018fN ELEKTR\u0130K M\u00dcH\u018fRR\u0130KL\u018fR\u0130 V\u018f REDUKTORLARI \u0130STEHSAL ED\u0130R. \u0130-MAK, M\u00dc\u015eT\u018fRIL\u018fRIN\u018f 500.000-D\u018fN \u00c7OX \u00c7E\u015eIDD\u018f M\u018fHSULU, EYNI ZAMANDA M\u00dcXT\u018fLIF ISTEHSAL AVADANLIQLARI \u00dc\u00c7\u00dcN \u018fN YAX\u015eI TEXNIKI H\u018fLLINI T\u018fKLIF EDIR. <\/p>\n\t\t\t\t\t\t<\/div>\n\t\t\t\t<\/div>\n\t\t\t\t<\/div>\n\t\t\t\t\t<\/div>\n\t\t\t\t<\/div>\n\t\t<div class=\"elementor-element elementor-element-72446bb e-flex e-con-boxed e-con e-parent\" data-id=\"72446bb\" data-element_type=\"container\">\n\t\t\t\t\t<div class=\"e-con-inner\">\n\t\t<div class=\"elementor-element elementor-element-edd7725 e-con-full e-flex e-con e-child\" data-id=\"edd7725\" data-element_type=\"container\">\n\t\t\t\t<div class=\"elementor-element elementor-element-2e51b36 partner-page-logo e-transform elementor-position-top elementor-widget elementor-widget-image-box\" data-id=\"2e51b36\" data-element_type=\"widget\" data-settings=\"{&quot;_transform_scale_effect_hover&quot;:{&quot;unit&quot;:&quot;px&quot;,&quot;size&quot;:1.1,&quot;sizes&quot;:[]},&quot;_transform_scale_effect_hover_tablet&quot;:{&quot;unit&quot;:&quot;px&quot;,&quot;size&quot;:&quot;&quot;,&quot;sizes&quot;:[]},&quot;_transform_scale_effect_hover_mobile&quot;:{&quot;unit&quot;:&quot;px&quot;,&quot;size&quot;:&quot;&quot;,&quot;sizes&quot;:[]}}\" data-widget_type=\"image-box.default\">\n\t\t\t\t<div class=\"elementor-widget-container\">\n\t\t\t<div class=\"elementor-image-box-wrapper\"><figure class=\"elementor-image-box-img\"><a href=\"https:\/\/www.minebea-intec.com\/en\/\" tabindex=\"-1\"><img loading=\"lazy\" loading=\"lazy\" decoding=\"async\" width=\"252\" height=\"150\" src=\"https:\/\/motionte.com\/wp-content\/uploads\/2024\/07\/Minebea-Logo-MP-Partners-01-01.png\" class=\"attachment-large size-large wp-image-2053\" alt=\"\" srcset=\"https:\/\/motionte.com\/wp-content\/uploads\/2024\/07\/Minebea-Logo-MP-Partners-01-01.png 252w, https:\/\/motionte.com\/wp-content\/uploads\/2024\/07\/Minebea-Logo-MP-Partners-01-01-1x1.png 1w, https:\/\/motionte.com\/wp-content\/uploads\/2024\/07\/Minebea-Logo-MP-Partners-01-01-10x6.png 10w\" sizes=\"auto, (max-width: 252px) 100vw, 252px\" \/><\/a><\/figure><div class=\"elementor-image-box-content\"><h3 class=\"elementor-image-box-title\"><a href=\"https:\/\/www.minebea-intec.com\/en\/\">ALMAN\u0130YA<\/a><\/h3><\/div><\/div>\t\t<\/div>\n\t\t\t\t<\/div>\n\t\t\t\t<\/div>\n\t\t<div class=\"elementor-element elementor-element-ddb5fe3 e-con-full company-description e-flex e-con e-child\" data-id=\"ddb5fe3\" data-element_type=\"container\" data-settings=\"{&quot;background_background&quot;:&quot;classic&quot;}\">\n\t\t\t\t<div class=\"elementor-element elementor-element-d1f9964 elementor-widget elementor-widget-text-editor\" data-id=\"d1f9964\" data-element_type=\"widget\" data-widget_type=\"text-editor.default\">\n\t\t\t\t<div class=\"elementor-widget-container\">\n\t\t\t\t\t\t\t<p>\u201cMINEBEA INTECH\u201d ALMAN \u015eIRK\u018fTI \u2013 150 ILD\u018fN \u00c7OX OLAN T\u018fCR\u00dcB\u018fY\u018f \u018fSASLANIR, S\u018fNAY\u018f T\u018fR\u018fZIL\u018fRININ V\u018f YOXLAMA AVADANLIQLARININ APARICI ISTEHSAL\u00c7ISIDIR. \u015eIRK\u018fTIN M\u018fHSULLARI ISTEHSAL S\u018fNAYESI \u00dc\u00c7\u00dcN N\u018fZ\u018fRD\u018f TUTULUB. MINEBEA M\u018fHSULLARI BIZ\u018f \u0130STEHSAL V\u018f QABLA\u015eDIRMA X\u018fTL\u018fRININ ETIBARLILI\u011eINI O C\u00dcML\u018fD\u018fN S\u018fM\u018fR\u018fLILIYINI ARTIRMA\u011eA IMKAN VERIR. <\/p>\n\t\t\t\t\t\t<\/div>\n\t\t\t\t<\/div>\n\t\t\t\t<\/div>\n\t\t\t\t\t<\/div>\n\t\t\t\t<\/div>\n\t\t<div class=\"elementor-element elementor-element-c6eaa0d e-flex e-con-boxed e-con e-parent\" data-id=\"c6eaa0d\" data-element_type=\"container\">\n\t\t\t\t\t<div class=\"e-con-inner\">\n\t\t<div class=\"elementor-element elementor-element-fa4d982 e-con-full company-description e-flex e-con e-child\" data-id=\"fa4d982\" data-element_type=\"container\" data-settings=\"{&quot;background_background&quot;:&quot;classic&quot;}\">\n\t\t\t\t<div class=\"elementor-element elementor-element-c37ed02 elementor-widget elementor-widget-text-editor\" data-id=\"c37ed02\" data-element_type=\"widget\" data-widget_type=\"text-editor.default\">\n\t\t\t\t<div class=\"elementor-widget-container\">\n\t\t\t\t\t\t\t<p>BIZIM \u018fM\u018fKDA\u015eLIQ ETDIYIMIZ H\u018fR BIR \u015eIRK\u018fT, \u00d6Z F\u018fALIYY\u018fT SAH\u018fSIND\u018f LIDERDIL\u018fR. ONLARIN ISTEHSAL ETDIYI M\u018fHSULLAR, QIDA S\u018fNAY\u018fSIND\u018f, SPIRTLI V\u018f SPIRTSIZ I\u00c7KIL\u018fRIN ISTEHSALINDA, K\u018fND T\u018fS\u018fRR\u00dcFATINDA, \u018fZCA\u00c7ILIQDA, SOYUDUCULARDA, TIPOQRAFIYALARDA, KA\u011eIZ, KARTON V\u018f QABLA\u015eDIRMA MATERIALLARIN ISTEHSALINDA, HAVA LIMANLARINDA, ANBARLARDA, PO\u00c7T TERMINALLARINDA V\u018f ISTEHSALIN AVTOMATLA\u015eDIRILMASI \u00dc\u00c7\u00dcN VACIB OLAN BIR \u00c7OX YERL\u018fRD\u018f, ISTIFAD\u018f OLUNUR. <\/p>\n\t\t\t\t\t\t<\/div>\n\t\t\t\t<\/div>\n\t\t\t\t<\/div>\n\t\t\t\t\t<\/div>\n\t\t\t\t<\/div>\n\t\t\t\t<\/div>\n\t\t","protected":false},"excerpt":{"rendered":"<p>Motion Technology \u015firk\u0259ti \u015firk\u0259ti, c\u0259nubi Qafqaz regionunda a\u015fa\u011f\u0131da qeyd olunan \u015firk\u0259tl\u0259rin, r\u0259smi n\u00fcmay\u0259nd\u0259sidir: G\u00dcRC\u00dcSTAN G\u00dcRC\u00dcSTANIN \u201cMP INDUSTRIES\u201d \u015eIRK\u018fTI G\u00dcRC\u00dcSTANDA KONVEYER V\u018f KONVEYER SISTEML\u018fRININ ISTEHSALINDA LIDERL\u018fRD\u018fN BIRIDIR. BU \u015eIRK\u018fT IST\u018fNIL\u018fN B\u00d6Y\u00dcKL\u00dcKD\u018f M\u00dc\u018fSSIS\u018fNIN ANBAR V\u018f TERMINALARIN, KONVEYER SISTEML\u018fRI V\u018f ONLARI AVTOMATLA\u015eDIRILMI\u015e IDAR\u018f OLUNAN M\u018fHSULLAR IL\u018f TAM T\u018fCHIZ ETM\u018fY\u018f MALIKDIR. G\u00dcRC\u00dcSTAN G\u00dcRC\u00dcSTANIN \u201cGEO&#8230;<\/p>\n","protected":false},"author":1,"featured_media":0,"parent":0,"menu_order":0,"comment_status":"closed","ping_status":"closed","template":"","meta":{"om_disable_all_campaigns":false,"_monsterinsights_skip_tracking":false,"_monsterinsights_sitenote_active":false,"_monsterinsights_sitenote_note":"","_monsterinsights_sitenote_category":0,"footnotes":""},"class_list":["post-4008","page","type-page","status-publish","hentry"],"aioseo_notices":[],"_links":{"self":[{"href":"https:\/\/motionte.com\/az\/wp-json\/wp\/v2\/pages\/4008","targetHints":{"allow":["GET"]}}],"collection":[{"href":"https:\/\/motionte.com\/az\/wp-json\/wp\/v2\/pages"}],"about":[{"href":"https:\/\/motionte.com\/az\/wp-json\/wp\/v2\/types\/page"}],"author":[{"embeddable":true,"href":"https:\/\/motionte.com\/az\/wp-json\/wp\/v2\/users\/1"}],"replies":[{"embeddable":true,"href":"https:\/\/motionte.com\/az\/wp-json\/wp\/v2\/comments?post=4008"}],"version-history":[{"count":8,"href":"https:\/\/motionte.com\/az\/wp-json\/wp\/v2\/pages\/4008\/revisions"}],"predecessor-version":[{"id":7132,"href":"https:\/\/motionte.com\/az\/wp-json\/wp\/v2\/pages\/4008\/revisions\/7132"}],"wp:attachment":[{"href":"https:\/\/motionte.com\/az\/wp-json\/wp\/v2\/media?parent=4008"}],"curies":[{"name":"wp","href":"https:\/\/api.w.org\/{rel}","templated":true}]}}