{"id":3987,"date":"2024-07-16T11:54:58","date_gmt":"2024-07-16T11:54:58","guid":{"rendered":"https:\/\/motionte.com\/ayri-ayri-avadanliqlar\/"},"modified":"2024-12-04T09:38:54","modified_gmt":"2024-12-04T09:38:54","slug":"ayri-ayri-avadanliqlar","status":"publish","type":"page","link":"https:\/\/motionte.com\/az\/ayri-ayri-avadanliqlar\/","title":{"rendered":"Ayr\u0131-ayr\u0131 Avadanl\u0131qlar"},"content":{"rendered":"","protected":false},"excerpt":{"rendered":"","protected":false},"author":1,"featured_media":0,"parent":0,"menu_order":0,"comment_status":"closed","ping_status":"closed","template":"","meta":{"om_disable_all_campaigns":false,"_monsterinsights_skip_tracking":false,"_monsterinsights_sitenote_active":false,"_monsterinsights_sitenote_note":"","_monsterinsights_sitenote_category":0,"footnotes":""},"class_list":["post-3987","page","type-page","status-publish","hentry"],"aioseo_notices":[],"_links":{"self":[{"href":"https:\/\/motionte.com\/az\/wp-json\/wp\/v2\/pages\/3987","targetHints":{"allow":["GET"]}}],"collection":[{"href":"https:\/\/motionte.com\/az\/wp-json\/wp\/v2\/pages"}],"about":[{"href":"https:\/\/motionte.com\/az\/wp-json\/wp\/v2\/types\/page"}],"author":[{"embeddable":true,"href":"https:\/\/motionte.com\/az\/wp-json\/wp\/v2\/users\/1"}],"replies":[{"embeddable":true,"href":"https:\/\/motionte.com\/az\/wp-json\/wp\/v2\/comments?post=3987"}],"version-history":[{"count":3,"href":"https:\/\/motionte.com\/az\/wp-json\/wp\/v2\/pages\/3987\/revisions"}],"predecessor-version":[{"id":5468,"href":"https:\/\/motionte.com\/az\/wp-json\/wp\/v2\/pages\/3987\/revisions\/5468"}],"wp:attachment":[{"href":"https:\/\/motionte.com\/az\/wp-json\/wp\/v2\/media?parent=3987"}],"curies":[{"name":"wp","href":"https:\/\/api.w.org\/{rel}","templated":true}]}}