{"id":3785,"date":"2024-07-03T09:36:34","date_gmt":"2024-07-03T09:36:34","guid":{"rendered":"https:\/\/motionte.com\/numun%c9%99-s%c9%99hif%c9%99\/"},"modified":"2025-03-05T19:32:58","modified_gmt":"2025-03-05T19:32:58","slug":"numun%c9%99-s%c9%99hif%c9%99","status":"publish","type":"page","link":"https:\/\/motionte.com\/az\/numun%c9%99-s%c9%99hif%c9%99\/","title":{"rendered":"N\u00fcmun\u0259 S\u0259hif\u0259"},"content":{"rendered":"<p>Bu n\u00fcmun\u0259 s\u0259hif\u0259dir. O, bloq yaz\u0131s\u0131ndan f\u0259rqlidir, \u00e7\u00fcnki bir yerd\u0259 qalacaq v\u0259 sayt\u0131n\u0131z\u0131n naviqasiyas\u0131nda (\u0259ks\u0259r m\u00f6vzularda) g\u00f6r\u00fcn\u0259c\u0259k. \u018fks\u0259r insanlar onlar\u0131 potensial sayt ziyar\u0259t\u00e7il\u0259ri il\u0259 tan\u0131\u015f ed\u0259n Haqq\u0131nda s\u0259hif\u0259si il\u0259 ba\u015flay\u0131r. Bu kimi bir \u015fey dey\u0259 bil\u0259r:   <\/p><blockquote class=\"wp-block-quote is-layout-flow wp-block-quote-is-layout-flow\"><p>salam! M\u0259n g\u00fcnd\u00fczl\u0259r velosiped messenceriy\u0259m, gec\u0259l\u0259r aktyor olmaq ist\u0259y\u0259n\u0259m v\u0259 bu m\u0259nim veb sayt\u0131md\u0131r. M\u0259n Los-Ancelesd\u0259 ya\u015fay\u0131ram, Cek adl\u0131 b\u00f6y\u00fck itim var v\u0259 pi\u00f1a coladalar\u0131 xo\u015flay\u0131ram. (V\u0259 ya\u011f\u0131\u015fa tutuldum.)   <\/p><\/blockquote><p>&#8230;v\u0259 ya buna b\u0259nz\u0259r bir \u015fey:<\/p><blockquote class=\"wp-block-quote is-layout-flow wp-block-quote-is-layout-flow\"><p>XYZ Doohickey \u015firk\u0259ti 1971-ci ild\u0259 yarad\u0131l\u0131b v\u0259 o vaxtdan b\u0259ri ictimaiyy\u0259t\u0259 keyfiyy\u0259tli doohickeys t\u0259qdim edir. Gotham City-d\u0259 yerl\u0259\u015f\u0259n XYZ, 2000-d\u0259n \u00e7ox insan\u0131 \u00e7al\u0131\u015f\u0131r v\u0259 Gotham icmas\u0131 \u00fc\u00e7\u00fcn h\u0259r c\u00fcr z\u0259hmli i\u015fl\u0259r g\u00f6r\u00fcr. <\/p><\/blockquote><p>Yeni bir WordPress istifad\u0259\u00e7isi olaraq, bu s\u0259hif\u0259ni silm\u0259k v\u0259 m\u0259zmununuz \u00fc\u00e7\u00fcn yeni s\u0259hif\u0259l\u0259r yaratmaq \u00fc\u00e7\u00fcn <a href=\"https:\/\/motionte.com\/wp-admin\/\">idar\u0259 paneliniz\u0259<\/a> getm\u0259lisiniz. \u018fyl\u0259n! <\/p>","protected":false},"excerpt":{"rendered":"<p>Bu n\u00fcmun\u0259 s\u0259hif\u0259dir. O, bloq yaz\u0131s\u0131ndan f\u0259rqlidir, \u00e7\u00fcnki bir yerd\u0259 qalacaq v\u0259 sayt\u0131n\u0131z\u0131n naviqasiyas\u0131nda (\u0259ks\u0259r m\u00f6vzularda) g\u00f6r\u00fcn\u0259c\u0259k. \u018fks\u0259r insanlar onlar\u0131 potensial sayt ziyar\u0259t\u00e7il\u0259ri il\u0259 tan\u0131\u015f ed\u0259n Haqq\u0131nda s\u0259hif\u0259si il\u0259 ba\u015flay\u0131r. Bu kimi bir \u015fey dey\u0259 bil\u0259r: salam! M\u0259n g\u00fcnd\u00fczl\u0259r velosiped messenceriy\u0259m, gec\u0259l\u0259r aktyor olmaq ist\u0259y\u0259n\u0259m v\u0259 bu m\u0259nim veb sayt\u0131md\u0131r&#8230;.<\/p>\n","protected":false},"author":1,"featured_media":0,"parent":0,"menu_order":0,"comment_status":"closed","ping_status":"open","template":"","meta":{"om_disable_all_campaigns":false,"_monsterinsights_skip_tracking":false,"_monsterinsights_sitenote_active":false,"_monsterinsights_sitenote_note":"","_monsterinsights_sitenote_category":0,"footnotes":""},"class_list":["post-3785","page","type-page","status-publish","hentry"],"aioseo_notices":[],"_links":{"self":[{"href":"https:\/\/motionte.com\/az\/wp-json\/wp\/v2\/pages\/3785","targetHints":{"allow":["GET"]}}],"collection":[{"href":"https:\/\/motionte.com\/az\/wp-json\/wp\/v2\/pages"}],"about":[{"href":"https:\/\/motionte.com\/az\/wp-json\/wp\/v2\/types\/page"}],"author":[{"embeddable":true,"href":"https:\/\/motionte.com\/az\/wp-json\/wp\/v2\/users\/1"}],"replies":[{"embeddable":true,"href":"https:\/\/motionte.com\/az\/wp-json\/wp\/v2\/comments?post=3785"}],"version-history":[{"count":2,"href":"https:\/\/motionte.com\/az\/wp-json\/wp\/v2\/pages\/3785\/revisions"}],"predecessor-version":[{"id":3790,"href":"https:\/\/motionte.com\/az\/wp-json\/wp\/v2\/pages\/3785\/revisions\/3790"}],"wp:attachment":[{"href":"https:\/\/motionte.com\/az\/wp-json\/wp\/v2\/media?parent=3785"}],"curies":[{"name":"wp","href":"https:\/\/api.w.org\/{rel}","templated":true}]}}